{"id":8516,"date":"2017-04-05T18:19:15","date_gmt":"2017-04-05T14:19:15","guid":{"rendered":"http:\/\/tschaikowsky-saal.de\/?page_id=8516"},"modified":"2017-04-12T21:32:53","modified_gmt":"2017-04-12T17:32:53","slug":"internationale-tschaikowsky-tage-7-bis-18-mai-2017","status":"publish","type":"page","link":"https:\/\/tschaikowsky-saal.de\/de\/internationale-tschaikowsky-tage-7-bis-18-mai-2017\/","title":{"rendered":"Internationale Tschaikowsky-Tage 7.  bis 18. Mai 2017"},"content":{"rendered":"<p>Zum dritten Mal in Folge findet das Festival \u201eTschaikowsky-Tage\u201c im Tschaikowsky-Saal statt. Das diesj\u00e4hrige Festival l\u00e4dt das Hamburger Publikum an f\u00fcnf Abenden dazu ein, ein vielf\u00e4ltiges Programm mit hervorragenden deutschen und russischen K\u00fcnstlern zu erleben. Am 7. Mai, p\u00fcnktlich zum Geburtstag von Tschaikowsky und Brahms, erklingen die Streichquartette der beiden Komponisten. Mit den Liedern von Sergey Rachmaninov wird das Werk eines ber\u00fchmten Sch\u00fclers und Zeitgenossen Tschaikowskys vorgestellt. Dem Klavierabend mit Fantasien von Beethoven, Brahms und Schumann steht ein Celloquartett mit Songs von den Beatles gegen\u00fcber. Eine Ausstellung aus dem Staatlichen Tschaikowsky &#8211; Museum der Stadt Klin und eine musikalisch-literarische Soiree mit Briefen des Komponisten bieten den Besuchern einen tiefen Einblick in das Leben und die Pers\u00f6nlichkeit Pjotr Iljitsch Tschaikowskys.<\/p>\n<p><img loading=\"lazy\" decoding=\"async\" class=\"alignnone size-large wp-image-8509\" src=\"http:\/\/tschaikowsky-saal.de\/wp-content\/uploads\/2017\/04\/tslogo-1024x724.jpg\" alt=\"\" width=\"1024\" height=\"724\" srcset=\"https:\/\/tschaikowsky-saal.de\/wp-content\/uploads\/2017\/04\/tslogo-1024x724.jpg 1024w, https:\/\/tschaikowsky-saal.de\/wp-content\/uploads\/2017\/04\/tslogo-300x212.jpg 300w, https:\/\/tschaikowsky-saal.de\/wp-content\/uploads\/2017\/04\/tslogo-768x543.jpg 768w\" sizes=\"auto, (max-width: 1024px) 100vw, 1024px\" \/><\/p>\n<p>Deutschland und seine musikalischen wie literarischen Traditionen beeinflussten zweifelsohne das Schaffen und das Leben von P. I. Tschaikowsky, der sich zwischen den Jahren 1861 und 1893 mehrere Male in vielen deutschen St\u00e4dten aufhielt. Er war insgesamt sechs Mal in Hamburg, wo unter anderem 1892 die europ\u00e4ische Premiere seiner Oper \u201eEugen Onegin\u201c stattfand. Die Bedeutung, die das moderne Hamburg der Pers\u00f6nlichkeit und dem Schaffen des russischen Komponisten beimisst, fand ihren Ausdruck in der 2011 erfolgten Umbenennung eines der zentralen Pl\u00e4tze der Hansestadt (\u201eVor dem Holstentor\u201c) in \u201eTschaikowskyplatz\u201c.<\/p>\n<p><strong>Sonntag, 07. 05. 2017 17 Uhr<br \/>\n<\/strong>Er\u00f6ffnung der Ausstellung des Staatlichen Tschaikowsky-Museums der Stadt Klin.<br \/>\n18 Uhr. Er\u00f6ffnungskonzert mit Noah Quartett (NDR Elbphilharmonie Orchester)<br \/>\nProgramm: Quartette von Tschaikowsky und Brahms<\/p>\n<p><strong>Donnerstag, 11. 05. 2017 19:30<br \/>\n<\/strong>\u201eLieder der verlorenen Heimat\u201c<br \/>\nJulia Sukmanova (Sopran), Elena Sukmanova (Klavier)<br \/>\nLieder von Sergey Rachmaninov<\/p>\n<p><strong>Sonntag, 14. 05. 2017 19:00<br \/>\n<\/strong>Klavierabend. Eldar Nebolsin<br \/>\nFantasien von Ludwig van Beethoven, Robert Schumann und Johannes Brahms.<\/p>\n<p><strong>Dienstag, 16. 05. 2017 19:30<br \/>\n<\/strong>\u201eDie ganze Qual der Liebe\u201c.<br \/>\nTschaikowsky in Musik und Briefen<br \/>\nPaul Sonderegger, (Rezitation). Anite Stroh (Violine), Laura Moinian (Cello), Viktor Soos (Klavier)<br \/>\nBriefe und Tageb\u00fccher von P. I. Tschaikowsky<br \/>\nKammermusikalische Werke von P.I. Tschaikowsky<\/p>\n<p><strong>Donnerstag, 18. 05. 2017 19:30<br \/>\n<\/strong>\u201eVon Brahms bis Beatles\u201c<br \/>\nRastrelli Cello Quartett<br \/>\nWerke von Tschaikowsky, Brahms und The Beatles<\/p>\n<p>Tickets: 15\/erm.10 EURO an der Konzertkasse Gerdes, allen VVK und an der Abendkasse.<\/p>","protected":false},"excerpt":{"rendered":"<p>Zum dritten Mal in Folge findet das Festival \u201eTschaikowsky-Tage\u201c im Tschaikowsky-Saal statt. Das diesj\u00e4hrige Festival l\u00e4dt das Hamburger Publikum an f\u00fcnf Abenden dazu ein, ein vielf\u00e4ltiges Programm mit hervorragenden deutschen und russischen K\u00fcnstlern zu erleben. Am 7. Mai, p\u00fcnktlich zum Geburtstag von Tschaikowsky und Brahms, erklingen die Streichquartette der beiden Komponisten. Mit den Liedern von [&hellip;]<span class=\"entry-read-more\"><a href=\"https:\/\/tschaikowsky-saal.de\/de\/internationale-tschaikowsky-tage-7-bis-18-mai-2017\/\" class=\"cs-btn cs-btn-flat cs-btn-rounded cs-btn-xxs cs-btn-flat-accent\">Weiterlesen<\/a><\/span><\/p>\n","protected":false},"author":2,"featured_media":0,"parent":0,"menu_order":0,"comment_status":"closed","ping_status":"closed","template":"","meta":{"jetpack_post_was_ever_published":false,"footnotes":""},"class_list":["post-8516","page","type-page","status-publish","hentry"],"jetpack_sharing_enabled":true,"jetpack_shortlink":"https:\/\/wp.me\/P5HoJ6-2dm","_links":{"self":[{"href":"https:\/\/tschaikowsky-saal.de\/de\/wp-json\/wp\/v2\/pages\/8516","targetHints":{"allow":["GET"]}}],"collection":[{"href":"https:\/\/tschaikowsky-saal.de\/de\/wp-json\/wp\/v2\/pages"}],"about":[{"href":"https:\/\/tschaikowsky-saal.de\/de\/wp-json\/wp\/v2\/types\/page"}],"author":[{"embeddable":true,"href":"https:\/\/tschaikowsky-saal.de\/de\/wp-json\/wp\/v2\/users\/2"}],"replies":[{"embeddable":true,"href":"https:\/\/tschaikowsky-saal.de\/de\/wp-json\/wp\/v2\/comments?post=8516"}],"version-history":[{"count":4,"href":"https:\/\/tschaikowsky-saal.de\/de\/wp-json\/wp\/v2\/pages\/8516\/revisions"}],"predecessor-version":[{"id":8539,"href":"https:\/\/tschaikowsky-saal.de\/de\/wp-json\/wp\/v2\/pages\/8516\/revisions\/8539"}],"wp:attachment":[{"href":"https:\/\/tschaikowsky-saal.de\/de\/wp-json\/wp\/v2\/media?parent=8516"}],"curies":[{"name":"wp","href":"https:\/\/api.w.org\/{rel}","templated":true}]}}