{"id":6872,"date":"2015-06-11T16:04:18","date_gmt":"2015-06-11T12:04:18","guid":{"rendered":"http:\/\/tschaikowsky-saal.de\/?page_id=6872"},"modified":"2024-04-15T14:42:48","modified_gmt":"2024-04-15T10:42:48","slug":"saalvermietung","status":"publish","type":"page","link":"https:\/\/tschaikowsky-saal.de\/de\/saalvermietung\/","title":{"rendered":"Saalvermietung"},"content":{"rendered":"<p><section class=\"cs-section\"><div class=\"container\"><div class=\"row\"><div class=\"col-md-8\"><div class=\"cs-column-inner\"><div class=\"cs-column-text\"><p>Der Saal verf\u00fcgt \u00fcber modernste Licht- und Tontechnik. Ein Podium und ein Beamer mit einer Videogro\u00dfleinwand stehen ebenfalls zur Verf\u00fcgung. Die flexible Raumstruktur eignet sich f\u00fcr kleinere Empf\u00e4nge ebenso wie f\u00fcr gr\u00f6\u00dfere Veranstaltungen (maximale Reihenbestuhlung 151 Pl\u00e4tze). Das Podium kann variabel bestuhlt werden.<\/p>\n<ul>\n<li>Saal : 160m<sup>2<\/sup>,\u00a0 4,75 (H\u00f6he).<\/li>\n<li>B\u00fchne: Revostage \/ Mobiles B\u00fchnensystem Revostage.<\/li>\n<li>Fl\u00fcgel Steinway (B) zur Anmietung vorhanden.<\/li>\n<li>Zus\u00e4tzliche R\u00e4ume: Foyer, K\u00fcnstlerzimmer<\/li>\n<\/ul>\n<p><strong>Saalplan<\/strong><\/p>\n<ul>\n<li><a href=\"https:\/\/tschaikowsky-saal.de\/wp-content\/uploads\/2019\/12\/Bestuhlung_130s.pdf\">Bestuhlung: 130 Sitzpl\u00e4tze<\/a><\/li>\n<li><a href=\"https:\/\/tschaikowsky-saal.de\/wp-content\/uploads\/2019\/12\/Bestuhlung_151s.pdf\">Bestuhlung_150 Sitzpl\u00e4tze<\/a><\/li>\n<\/ul>\n<p>Gerne k\u00f6nnen Sie die Technikliste mit einer Mail an Alexander Gerlach <a href=\"mailto:alexander_gerlach@icloud.com\">alexander_gerlach@icloud.com<\/a> anfordern.<\/p>\n<p><img loading=\"lazy\" decoding=\"async\" class=\"alignnone wp-image-10438\" src=\"https:\/\/tschaikowsky-saal.de\/wp-content\/uploads\/2019\/12\/mart_4aik-3493-300x200.jpg\" alt=\"\" width=\"254\" height=\"169\" srcset=\"https:\/\/tschaikowsky-saal.de\/wp-content\/uploads\/2019\/12\/mart_4aik-3493-300x200.jpg 300w, https:\/\/tschaikowsky-saal.de\/wp-content\/uploads\/2019\/12\/mart_4aik-3493-1024x681.jpg 1024w, https:\/\/tschaikowsky-saal.de\/wp-content\/uploads\/2019\/12\/mart_4aik-3493-768x511.jpg 768w, https:\/\/tschaikowsky-saal.de\/wp-content\/uploads\/2019\/12\/mart_4aik-3493-1536x1022.jpg 1536w, https:\/\/tschaikowsky-saal.de\/wp-content\/uploads\/2019\/12\/mart_4aik-3493-2048x1363.jpg 2048w\" sizes=\"auto, (max-width: 254px) 100vw, 254px\" \/><\/p>\n<p>Kontakt\u00a0<a href=\"http:\/\/tschaikowsky-saal.de\/saalvermietung\/\">Saalvermietung<\/a>: 040\u00a0673 06 626\u00a0\/ <a href=\"mailto:info@tsaal.de\">info@tsaal.de<\/a><\/p>\n<\/div><\/div><\/div><div class=\"col-md-4\"><div class=\"cs-column-inner\">[vc_wp_text]<img loading=\"lazy\" decoding=\"async\" class=\"alignnone wp-image-10413\" src=\"https:\/\/tschaikowsky-saal.de\/wp-content\/uploads\/2019\/12\/1911_kronstadt-8227_11-300x200.jpg\" alt=\"\" width=\"248\" height=\"165\" srcset=\"https:\/\/tschaikowsky-saal.de\/wp-content\/uploads\/2019\/12\/1911_kronstadt-8227_11-300x200.jpg 300w, https:\/\/tschaikowsky-saal.de\/wp-content\/uploads\/2019\/12\/1911_kronstadt-8227_11-1024x683.jpg 1024w, https:\/\/tschaikowsky-saal.de\/wp-content\/uploads\/2019\/12\/1911_kronstadt-8227_11-768x512.jpg 768w, https:\/\/tschaikowsky-saal.de\/wp-content\/uploads\/2019\/12\/1911_kronstadt-8227_11-1536x1024.jpg 1536w, https:\/\/tschaikowsky-saal.de\/wp-content\/uploads\/2019\/12\/1911_kronstadt-8227_11.jpg 1771w\" sizes=\"auto, (max-width: 248px) 100vw, 248px\" \/><\/p>\n<p><img loading=\"lazy\" decoding=\"async\" class=\"alignnone wp-image-10414\" src=\"https:\/\/tschaikowsky-saal.de\/wp-content\/uploads\/2019\/12\/P1020148-300x225.jpg\" alt=\"\" width=\"249\" height=\"186\" srcset=\"https:\/\/tschaikowsky-saal.de\/wp-content\/uploads\/2019\/12\/P1020148-300x225.jpg 300w, https:\/\/tschaikowsky-saal.de\/wp-content\/uploads\/2019\/12\/P1020148-1024x768.jpg 1024w, https:\/\/tschaikowsky-saal.de\/wp-content\/uploads\/2019\/12\/P1020148-768x576.jpg 768w, https:\/\/tschaikowsky-saal.de\/wp-content\/uploads\/2019\/12\/P1020148-1536x1152.jpg 1536w, https:\/\/tschaikowsky-saal.de\/wp-content\/uploads\/2019\/12\/P1020148-2048x1536.jpg 2048w\" sizes=\"auto, (max-width: 249px) 100vw, 249px\" \/><\/p>\n<p><img loading=\"lazy\" decoding=\"async\" class=\"alignnone wp-image-10415\" src=\"https:\/\/tschaikowsky-saal.de\/wp-content\/uploads\/2019\/12\/stainway_004-300x200.jpg\" alt=\"\" width=\"248\" height=\"165\" srcset=\"https:\/\/tschaikowsky-saal.de\/wp-content\/uploads\/2019\/12\/stainway_004-300x200.jpg 300w, https:\/\/tschaikowsky-saal.de\/wp-content\/uploads\/2019\/12\/stainway_004-1024x683.jpg 1024w, https:\/\/tschaikowsky-saal.de\/wp-content\/uploads\/2019\/12\/stainway_004-768x512.jpg 768w, https:\/\/tschaikowsky-saal.de\/wp-content\/uploads\/2019\/12\/stainway_004-1536x1024.jpg 1536w, https:\/\/tschaikowsky-saal.de\/wp-content\/uploads\/2019\/12\/stainway_004-2048x1366.jpg 2048w\" sizes=\"auto, (max-width: 248px) 100vw, 248px\" \/>[\/vc_wp_text]<\/div><\/div><\/div><\/div><\/section><\/p>","protected":false},"excerpt":{"rendered":"<p><span class=\"entry-read-more\"><a href=\"https:\/\/tschaikowsky-saal.de\/de\/saalvermietung\/\" class=\"cs-btn cs-btn-flat cs-btn-rounded cs-btn-xxs cs-btn-flat-accent\">Weiterlesen<\/a><\/span><\/p>\n","protected":false},"author":3,"featured_media":0,"parent":0,"menu_order":6,"comment_status":"open","ping_status":"closed","template":"","meta":{"jetpack_post_was_ever_published":false,"footnotes":""},"class_list":["post-6872","page","type-page","status-publish","hentry"],"jetpack_sharing_enabled":true,"jetpack_shortlink":"https:\/\/wp.me\/P5HoJ6-1MQ","_links":{"self":[{"href":"https:\/\/tschaikowsky-saal.de\/de\/wp-json\/wp\/v2\/pages\/6872","targetHints":{"allow":["GET"]}}],"collection":[{"href":"https:\/\/tschaikowsky-saal.de\/de\/wp-json\/wp\/v2\/pages"}],"about":[{"href":"https:\/\/tschaikowsky-saal.de\/de\/wp-json\/wp\/v2\/types\/page"}],"author":[{"embeddable":true,"href":"https:\/\/tschaikowsky-saal.de\/de\/wp-json\/wp\/v2\/users\/3"}],"replies":[{"embeddable":true,"href":"https:\/\/tschaikowsky-saal.de\/de\/wp-json\/wp\/v2\/comments?post=6872"}],"version-history":[{"count":63,"href":"https:\/\/tschaikowsky-saal.de\/de\/wp-json\/wp\/v2\/pages\/6872\/revisions"}],"predecessor-version":[{"id":11962,"href":"https:\/\/tschaikowsky-saal.de\/de\/wp-json\/wp\/v2\/pages\/6872\/revisions\/11962"}],"wp:attachment":[{"href":"https:\/\/tschaikowsky-saal.de\/de\/wp-json\/wp\/v2\/media?parent=6872"}],"curies":[{"name":"wp","href":"https:\/\/api.w.org\/{rel}","templated":true}]}}