{"id":6169,"date":"2014-10-02T16:22:18","date_gmt":"2014-10-02T12:22:18","guid":{"rendered":"http:\/\/tschaikowsky-saal.de\/?page_id=6169"},"modified":"2019-12-15T03:33:46","modified_gmt":"2019-12-14T23:33:46","slug":"saal","status":"publish","type":"page","link":"https:\/\/tschaikowsky-saal.de\/de\/saal\/","title":{"rendered":"\u00dcber uns"},"content":{"rendered":"<p><section class=\"cs-section\"><div class=\"container\"><div class=\"row\"><div class=\"col-md-8\"><div class=\"cs-column-inner\"><div class=\"cs-column-text\"><p><strong>Der Tschaikowsky-Saal<\/strong><\/p>\n<p>Der Tschaikowsky-Saal\u00a0ist zentraler Raum des gleichnamigen Hauses, welches im Dezember 2014 er\u00f6ffnet wurde. Der Name des gro\u00dfen russischen Komponisten ist Programm und Verpflichtung. Wir verstehen uns als H\u00fcter und Vermittler\u00a0\u00a0russischer Kultur,\u00a0doch\u00a0unsere Vision geht\u00a0weit\u00a0dar\u00fcber\u00a0hinaus.<\/p>\n<\/div><div class=\"cs-fluid cs-fluid-border\"><div class=\"cs-fluid-inner\"><span class=\"embed-youtube\" style=\"text-align:center; display: block;\"><iframe loading=\"lazy\" class=\"youtube-player\" width=\"1170\" height=\"659\" src=\"https:\/\/www.youtube.com\/embed\/eFZkiNPdWtM?version=3&#038;rel=1&#038;showsearch=0&#038;showinfo=1&#038;iv_load_policy=1&#038;fs=1&#038;hl=de-DE&#038;autohide=2&#038;wmode=transparent\" allowfullscreen=\"true\" style=\"border:0;\" sandbox=\"allow-scripts allow-same-origin allow-popups allow-presentation allow-popups-to-escape-sandbox\"><\/iframe><\/span><\/div><\/div><div class=\"cs-column-text\"><p>Deutschland und Russland blicken auf\u00a0eine\u00a0lange\u00a0Geschichte\u00a0 von\u00a0gegenseitig\u00a0bereichernden\u00a0 Verflechtungen\u00a0zur\u00fcck. Insbesondere Hamburg und Sankt Petersburg verbindet seit Jahrzehnten\u00a0eine\u00a0intensive und fruchtbare Partnerschaft. In diesem Kontext sehen wir den Tschaikowsky-Saal als einen Ort der Begegnungen, wo lebendige Kultur vermittelt wird \u2013 unmittelbar, traditionsreich\u00a0und gleichzeitig\u00a0innovativ. Wo Musik, Kunst und Literatur im Dialog zweier Kulturen zu einem\u00a0au\u00dfergew\u00f6hnlichen\u00a0\u00a0Erlebnis werden.<\/p>\n<p>Das eigene Programm des Saales umfasst ca. 25 Veranstaltungen pro Saison. Der Schwerpunkt liegt\u00a0dabei\u00a0auf\u00a0Kammermusik\u00a0verschiedener Stilrichtungen. Mit unseren Konzerten bieten wir\u00a0jungen K\u00fcnstlern und Ensembles aus ganz Deutschland\u00a0und aus Russland\u00a0eine zentral gelegene\u00a0B\u00fchne. \u00a0Wir\u00a0unterst\u00fctzen au\u00dferdem neue Projekte Hamburger K\u00fcnstler,\u00a0\u00f6ffnen die T\u00fcren f\u00fcr alle Institutionen der Stadt und helfen bei der Durchf\u00fchrung ihrer Projekte.<\/p>\n<\/div><\/div><\/div><div class=\"col-md-4\"><div class=\"cs-column-inner\"><div class=\"cs-column-text\"><p><strong>Tschaikowskyplatz in Hamburg<\/strong><\/p>\n<p>Im Jahr 2011 wurden der Platz vor der Russischen-Orthodoxen Kirche des Hl. Johannes von Kronstadt sowie ein Teil der Stra\u00dfe \u201eVor dem Holstentor\u201c in \u201eTschaikowskyplatz\u201c umbenannt. Es war ein Zeichen der Anerkennung der enormen kulturellen Bedeutung des Komponisten und eine Erinnerung an seine Zuneigung f\u00fcr Hamburg.<\/p>\n<p>Es war nur folgerichtig, dass auf diesem Platz im Dezember 2014 das Tschaikowsky-Haus seine T\u00fcren \u00f6ffnete. Das Herzst\u00fcck des geistig-kulturellen und bildenden Zentrums ist Tschaikowsky-Saal.<\/p>\n<\/div><\/div><\/div><\/div><\/div><\/section><\/p>","protected":false},"excerpt":{"rendered":"<p><span class=\"entry-read-more\"><a href=\"https:\/\/tschaikowsky-saal.de\/de\/saal\/\" class=\"cs-btn cs-btn-flat cs-btn-rounded cs-btn-xxs cs-btn-flat-accent\">Weiterlesen<\/a><\/span><\/p>\n","protected":false},"author":2,"featured_media":0,"parent":0,"menu_order":0,"comment_status":"open","ping_status":"closed","template":"","meta":{"jetpack_post_was_ever_published":false,"footnotes":""},"class_list":["post-6169","page","type-page","status-publish","hentry"],"jetpack_sharing_enabled":true,"jetpack_shortlink":"https:\/\/wp.me\/P5HoJ6-1Bv","_links":{"self":[{"href":"https:\/\/tschaikowsky-saal.de\/de\/wp-json\/wp\/v2\/pages\/6169","targetHints":{"allow":["GET"]}}],"collection":[{"href":"https:\/\/tschaikowsky-saal.de\/de\/wp-json\/wp\/v2\/pages"}],"about":[{"href":"https:\/\/tschaikowsky-saal.de\/de\/wp-json\/wp\/v2\/types\/page"}],"author":[{"embeddable":true,"href":"https:\/\/tschaikowsky-saal.de\/de\/wp-json\/wp\/v2\/users\/2"}],"replies":[{"embeddable":true,"href":"https:\/\/tschaikowsky-saal.de\/de\/wp-json\/wp\/v2\/comments?post=6169"}],"version-history":[{"count":34,"href":"https:\/\/tschaikowsky-saal.de\/de\/wp-json\/wp\/v2\/pages\/6169\/revisions"}],"predecessor-version":[{"id":10517,"href":"https:\/\/tschaikowsky-saal.de\/de\/wp-json\/wp\/v2\/pages\/6169\/revisions\/10517"}],"wp:attachment":[{"href":"https:\/\/tschaikowsky-saal.de\/de\/wp-json\/wp\/v2\/media?parent=6169"}],"curies":[{"name":"wp","href":"https:\/\/api.w.org\/{rel}","templated":true}]}}