{"id":6165,"date":"2014-10-02T16:19:00","date_gmt":"2014-10-02T12:19:00","guid":{"rendered":"http:\/\/tschaikowsky-saal.de\/?page_id=6165"},"modified":"2019-12-11T22:00:08","modified_gmt":"2019-12-11T18:00:08","slug":"tschaikowsky-hamburg","status":"publish","type":"page","link":"https:\/\/tschaikowsky-saal.de\/de\/tschaikowsky-hamburg\/","title":{"rendered":"Tschaikowsky und Hamburg"},"content":{"rendered":"<p><section class=\"cs-section\"><div class=\"container\"><div class=\"row\"><div class=\"col-md-8\"><div class=\"cs-column-inner\"><div class=\"cs-column-text\"><p>Deutschland und die deutsche Kultur haben in vielen Aspekten das Leben und Schaffen von <a href=\"http:\/\/tschaikowsky-saal.de\/de\/\">Peter Tschaikowsky <\/a>beeinflusst. Im Stammbaum des Komponisten gibt es einige deutsche Aussiedler. Deutsche Musiker haben ihn in seiner Kindheit und Jugend unterrichtet.<\/p>\n<p>Peter Tschaikowsky war zwischen 1861 und1893 sechsmal in Hamburg, privat und auf Konzertreisen. Er liebte die Stadt und die Hamburger, die immer ihre Begeisterung f\u00fcr klassische Musik zeigten. In Hamburg wurde Tschaikowskys Musik oft gespielt, hier wurden seine Werke ver\u00f6ffentlicht.<\/p>\n<p>Der Komponist pflegte gute Beziehungen zum Gr\u00fcnder der Philharmonischen Gesellschaft Hamburg, Theodor Av\u00e9-Lallemant, dem der Komponist seine F\u00fcnfte Sinfonie widmete. Tschaikowsky kam im Fr\u00fchjahr 1889 nach Hamburg, um dieses Werk zu Ehren von Theodor Av\u00e9-Lallemant zu dirigieren.<\/p>\n<p>Die westeurop\u00e4ische Premiere der Oper \u201eEugen Onegin\u201c fand im Januar 1892 in Hamburg statt. Dirigent war der junge Kapellmeister Gustav Mahler. Tschaikowsky wohnte dieser Erstauff\u00fchrung bei. Ein Jahr sp\u00e4ter dirigierte Mahler hier auch die Oper \u201eJolanthe\u201c in Anwesenheit des Komponisten.<\/p>\n<p>Eine Gedenktafel f\u00fcr <a href=\"http:\/\/tschaikowsky-saal.de\/de\/\">Tschaikowsky<\/a> befindet sich am Geb\u00e4ude des ehemaligen Streits-Hotels am Jungfernstieg, in dem der Komponist abgestiegen war. Im Foyer der Laeiszhalle steht B\u00fcste Tschaikowskys. Das Tschaikowsky-Haus ist ein weiteres Andenken an den gro\u00dfen Maestro in Hamburg.<\/p>\n<\/div><\/div><\/div><div class=\"col-md-4\"><div class=\"cs-column-inner\"><img loading=\"lazy\" decoding=\"async\" width=\"380\" height=\"320\" src=\"https:\/\/tschaikowsky-saal.de\/wp-content\/uploads\/2012\/12\/tschaikowski.jpg\" class=\"attachment-full size-full\" alt=\"\" srcset=\"https:\/\/tschaikowsky-saal.de\/wp-content\/uploads\/2012\/12\/tschaikowski.jpg 380w, https:\/\/tschaikowsky-saal.de\/wp-content\/uploads\/2012\/12\/tschaikowski-300x252.jpg 300w, https:\/\/tschaikowsky-saal.de\/wp-content\/uploads\/2012\/12\/tschaikowski-173x146.jpg 173w, https:\/\/tschaikowsky-saal.de\/wp-content\/uploads\/2012\/12\/tschaikowski-50x42.jpg 50w, https:\/\/tschaikowsky-saal.de\/wp-content\/uploads\/2012\/12\/tschaikowski-130x110.jpg 130w\" sizes=\"auto, (max-width: 380px) 100vw, 380px\" \/><\/div><\/div><\/div><\/div><\/section><section class=\"cs-section\"><div class=\"container\"><div class=\"row\"><div class=\"col-md-12\"><div class=\"cs-column-inner\"><\/div><\/div><\/div><\/div><\/section><\/p>","protected":false},"excerpt":{"rendered":"<p><span class=\"entry-read-more\"><a href=\"https:\/\/tschaikowsky-saal.de\/de\/tschaikowsky-hamburg\/\" class=\"cs-btn cs-btn-flat cs-btn-rounded cs-btn-xxs cs-btn-flat-accent\">Weiterlesen<\/a><\/span><\/p>\n","protected":false},"author":2,"featured_media":0,"parent":0,"menu_order":0,"comment_status":"open","ping_status":"closed","template":"","meta":{"jetpack_post_was_ever_published":false,"footnotes":""},"class_list":["post-6165","page","type-page","status-publish","hentry"],"jetpack_sharing_enabled":true,"jetpack_shortlink":"https:\/\/wp.me\/P5HoJ6-1Br","_links":{"self":[{"href":"https:\/\/tschaikowsky-saal.de\/de\/wp-json\/wp\/v2\/pages\/6165","targetHints":{"allow":["GET"]}}],"collection":[{"href":"https:\/\/tschaikowsky-saal.de\/de\/wp-json\/wp\/v2\/pages"}],"about":[{"href":"https:\/\/tschaikowsky-saal.de\/de\/wp-json\/wp\/v2\/types\/page"}],"author":[{"embeddable":true,"href":"https:\/\/tschaikowsky-saal.de\/de\/wp-json\/wp\/v2\/users\/2"}],"replies":[{"embeddable":true,"href":"https:\/\/tschaikowsky-saal.de\/de\/wp-json\/wp\/v2\/comments?post=6165"}],"version-history":[{"count":32,"href":"https:\/\/tschaikowsky-saal.de\/de\/wp-json\/wp\/v2\/pages\/6165\/revisions"}],"predecessor-version":[{"id":10492,"href":"https:\/\/tschaikowsky-saal.de\/de\/wp-json\/wp\/v2\/pages\/6165\/revisions\/10492"}],"wp:attachment":[{"href":"https:\/\/tschaikowsky-saal.de\/de\/wp-json\/wp\/v2\/media?parent=6165"}],"curies":[{"name":"wp","href":"https:\/\/api.w.org\/{rel}","templated":true}]}}